{"id":4278,"date":"2024-06-10T08:24:00","date_gmt":"2024-06-10T06:24:00","guid":{"rendered":"https:\/\/chargingtime.de\/electric-mobility-for-beginners"},"modified":"2025-04-28T09:09:26","modified_gmt":"2025-04-28T07:09:26","slug":"electric-mobility-for-beginners","status":"publish","type":"page","link":"https:\/\/chargingtime.de\/en\/electric-mobility-for-beginners","title":{"rendered":"Electric mobility for beginners"},"content":{"rendered":"\t\t<div data-elementor-type=\"wp-page\" data-elementor-id=\"4278\" class=\"elementor elementor-4278 elementor-1847\" data-elementor-post-type=\"page\">\n\t\t\t\t<div class=\"elementor-element elementor-element-5fcc6f64 e-flex e-con-boxed e-con e-parent\" data-id=\"5fcc6f64\" data-element_type=\"container\" data-e-type=\"container\" data-settings=\"{&quot;background_background&quot;:&quot;classic&quot;}\">\n\t\t\t\t\t<div class=\"e-con-inner\">\n\t\t\t\t<div class=\"elementor-element elementor-element-4769e8ce elementor-invisible elementor-widget elementor-widget-heading\" data-id=\"4769e8ce\" data-element_type=\"widget\" data-e-type=\"widget\" data-settings=\"{&quot;_animation&quot;:&quot;fadeInUp&quot;}\" data-widget_type=\"heading.default\">\n\t\t\t\t<div class=\"elementor-widget-container\">\n\t\t\t\t\t<h1 class=\"elementor-heading-title elementor-size-default\">Electric mobility for beginners<\/h1>\t\t\t\t<\/div>\n\t\t\t\t<\/div>\n\t\t\t\t<div class=\"elementor-element elementor-element-1da80972 elementor-invisible elementor-widget elementor-widget-text-editor\" data-id=\"1da80972\" data-element_type=\"widget\" data-e-type=\"widget\" data-settings=\"{&quot;_animation&quot;:&quot;fadeInUp&quot;}\" data-widget_type=\"text-editor.default\">\n\t\t\t\t<div class=\"elementor-widget-container\">\n\t\t\t\t\t\t\t\t\t<p>We explain the basics of electromobility.<\/p>\t\t\t\t\t\t\t\t<\/div>\n\t\t\t\t<\/div>\n\t\t\t\t\t<\/div>\n\t\t\t\t<\/div>\n\t\t<div class=\"elementor-element elementor-element-1ea65c0f e-flex e-con-boxed e-con e-parent\" data-id=\"1ea65c0f\" data-element_type=\"container\" data-e-type=\"container\">\n\t\t\t\t\t<div class=\"e-con-inner\">\n\t\t<div class=\"elementor-element elementor-element-283d54a1 e-con-full e-flex e-con e-child\" data-id=\"283d54a1\" data-element_type=\"container\" data-e-type=\"container\">\n\t\t\t\t<div class=\"elementor-element elementor-element-61497fe8 elementor-invisible elementor-widget elementor-widget-elementskit-blog-posts\" data-id=\"61497fe8\" data-element_type=\"widget\" data-e-type=\"widget\" data-settings=\"{&quot;_animation&quot;:&quot;fadeInUp&quot;}\" data-widget_type=\"elementskit-blog-posts.default\">\n\t\t\t\t<div class=\"elementor-widget-container\">\n\t\t\t\t\t<div class=\"ekit-wid-con\" >        <div id=\"post-items--61497fe8\" class=\"row post-items\">\n                    <div class=\"col-lg-12 col-md-12\">\n\n                                    <div class=\"elementskit-post-image-card\">\n                        <div class=\"elementskit-entry-header\">\n                                                            <a href=\"https:\/\/chargingtime.de\/en\/going-on-vacation-in-an-electric-car-with-these-tips\" class=\"elementskit-entry-thumb\">\n                                    <img decoding=\"async\" src=\"https:\/\/chargingtime.de\/wp-content\/uploads\/Design-ohne-Titel-2-Kopie.png\" alt=\"Going on vacation in an electric car &#8211; with these tips!\">\n                                <\/a><!-- .elementskit-entry-thumb END -->\n                                                            \n                            \n\t\t\t\t\t\t\t\t\t\t\t\t\t<\/div><!-- .elementskit-entry-header END -->\n\n\t\t\t\t\t\t<div class=\"elementskit-post-body \">\n\t\t\t\t\t\t\t\n\t\t\t\t\t\t\t\t\t\t\t\t\t\t\t\t\t\t\t\t\t\t\t\t\t\t\t\t<div class=\"post-meta-list\">\n\t\t\t\t\t\t\t\t\t\t\t\t\t\t\t\t\t\t\t\t\t\t\t\t\t\t\t\t\t\t\t\t<span class=\"meta-date\">\n\n\t\t\t\t\t\t\t\t\t\t<i aria-hidden=\"true\" class=\"icon icon-calendar-1\"><\/i>\n\t\t\t\t\t\t\t\t\t\t<span class=\"meta-date-text\">\n\t\t\t\t\t\t\t\t\t\t\tJuly 3, 2024\t\t\t\t\t\t\t\t\t\t<\/span>\n\t\t\t\t\t\t\t\t\t<\/span>\n\t\t\t\t\t\t\t\t\t\t\t\t\t\t\t\t\t\t\t\t\t\t\t\t\t\t\t\t\t\t\t\t\t\t\t\t\t\t\t\t\t\t\t\t\t\t\t\t\t\t\t\t\t\t\t\t\t\t\t\t\t\t\t\t<span class=\"post-cat\">\n\n\t\t\t\t\t\t\t\t\t\t<i aria-hidden=\"true\" class=\"icon icon-folder\"><\/i>\n\t\t\t\t\t\t\t\t\t\t<a href=\"https:\/\/chargingtime.de\/en\/category\/electromobility-for-beginners\" rel=\"category tag\">Electromobility for beginners<\/a> | <a href=\"https:\/\/chargingtime.de\/en\/category\/vacation-with-an-electric-vehicle\" rel=\"category tag\">Vacation with an electric vehicle<\/a>\t\t\t\t\t\t\t\t\t<\/span>\n\t\t\t\t\t\t\t\t\t\t\t\t\t\t\t\t\t\t\t\t\t\t\t\t\t\t\t\t\t<\/div>\n\t\t\t\t\t\t\t\t\t\t\t\t\t\n\t\t\t\t\t\t\t\t\n\t\t\t\t\t\t\t\t\t\t\t\t\t\t\t\t\t\t\t\t\t<h2 class=\"entry-title\">\n\t\t\t\t\t<a href=\"https:\/\/chargingtime.de\/en\/going-on-vacation-in-an-electric-car-with-these-tips\">\n\t\t\t\t\t\tGoing on vacation in an electric car &#8211; with these tips!\t\t\t\t\t<\/a>\n\t\t\t\t<\/h2>\n\t\t\t\t\t\t\t\t\t\t\t\t\t\t\t\t\t\t\t\t\t\t\t\t\t\t\t\t\t\t\t\t\t\t\t\t\t\t\t\t\t\t<p>The vacation season is upon us, and for many of&hellip;<\/p>\n\t\t\t\t\t\t\t\t\t\t\t\t\t\t\t\t\t\t\t\t\t\t                                                    <\/div><!-- .elementskit-post-body END -->\n                    <\/div>\n                \n            <\/div>\n                    <div class=\"col-lg-12 col-md-12\">\n\n                                    <div class=\"elementskit-post-image-card\">\n                        <div class=\"elementskit-entry-header\">\n                            \n                            \n\t\t\t\t\t\t\t\t\t\t\t\t\t<\/div><!-- .elementskit-entry-header END -->\n\n\t\t\t\t\t\t<div class=\"elementskit-post-body \">\n\t\t\t\t\t\t\t\n\t\t\t\t\t\t\t\t\t\t\t\t\t\t\t\t\t\t\t\t\t\t\t\t\t\t\t\t<div class=\"post-meta-list\">\n\t\t\t\t\t\t\t\t\t\t\t\t\t\t\t\t\t\t\t\t\t\t\t\t\t\t\t\t\t\t\t\t<span class=\"meta-date\">\n\n\t\t\t\t\t\t\t\t\t\t<i aria-hidden=\"true\" class=\"icon icon-calendar-1\"><\/i>\n\t\t\t\t\t\t\t\t\t\t<span class=\"meta-date-text\">\n\t\t\t\t\t\t\t\t\t\t\tJune 11, 2024\t\t\t\t\t\t\t\t\t\t<\/span>\n\t\t\t\t\t\t\t\t\t<\/span>\n\t\t\t\t\t\t\t\t\t\t\t\t\t\t\t\t\t\t\t\t\t\t\t\t\t\t\t\t\t\t\t\t\t\t\t\t\t\t\t\t\t\t\t\t\t\t\t\t\t\t\t\t\t\t\t\t\t\t\t\t\t\t\t\t<span class=\"post-cat\">\n\n\t\t\t\t\t\t\t\t\t\t<i aria-hidden=\"true\" class=\"icon icon-folder\"><\/i>\n\t\t\t\t\t\t\t\t\t\t<a href=\"https:\/\/chargingtime.de\/en\/category\/electromobility-for-beginners\" rel=\"category tag\">Electromobility for beginners<\/a>\t\t\t\t\t\t\t\t\t<\/span>\n\t\t\t\t\t\t\t\t\t\t\t\t\t\t\t\t\t\t\t\t\t\t\t\t\t\t\t\t\t<\/div>\n\t\t\t\t\t\t\t\t\t\t\t\t\t\n\t\t\t\t\t\t\t\t\n\t\t\t\t\t\t\t\t\t\t\t\t\t\t\t\t\t\t\t\t\t<h2 class=\"entry-title\">\n\t\t\t\t\t<a href=\"https:\/\/chargingtime.de\/en\/charging-station-in-comparison-fast-charging-vs-slow-charging\">\n\t\t\t\t\t\tCharging station in comparison: fast charging vs. slow charging\t\t\t\t\t<\/a>\n\t\t\t\t<\/h2>\n\t\t\t\t\t\t\t\t\t\t\t\t\t\t\t\t\t\t\t\t\t\t\t\t\t\t\t\t\t\t\t\t\t\t\t\t\t\t\t\t\t\t<p>There are two different types of charging stations. And therefore&hellip;<\/p>\n\t\t\t\t\t\t\t\t\t\t\t\t\t\t\t\t\t\t\t\t\t\t                                                    <\/div><!-- .elementskit-post-body END -->\n                    <\/div>\n                \n            <\/div>\n                <\/div>\n       <\/div>\t\t\t\t<\/div>\n\t\t\t\t<\/div>\n\t\t\t\t<\/div>\n\t\t\t\t<div class=\"elementor-element elementor-element-8b56e5d elementor-widget elementor-widget-template\" data-id=\"8b56e5d\" data-element_type=\"widget\" data-e-type=\"widget\" data-widget_type=\"template.default\">\n\t\t\t\t<div class=\"elementor-widget-container\">\n\t\t\t\t\t\t\t<div class=\"elementor-template\">\n\t\t\t\t\t<div data-elementor-type=\"container\" data-elementor-id=\"4230\" class=\"elementor elementor-4230 elementor-2234\" data-elementor-post-type=\"elementor_library\">\n\t\t\t\t<div class=\"elementor-element elementor-element-1a852def e-con-full e-flex e-con e-child\" data-id=\"1a852def\" data-element_type=\"container\" data-e-type=\"container\">\n\t\t\t\t<div class=\"elementor-element elementor-element-361383e3 elementor-invisible elementor-widget elementor-widget-heading\" data-id=\"361383e3\" data-element_type=\"widget\" data-e-type=\"widget\" data-settings=\"{&quot;_animation&quot;:&quot;fadeInUp&quot;}\" data-widget_type=\"heading.default\">\n\t\t\t\t<div class=\"elementor-widget-container\">\n\t\t\t\t\t<h6 class=\"elementor-heading-title elementor-size-default\">Latest posts<\/h6>\t\t\t\t<\/div>\n\t\t\t\t<\/div>\n\t\t\t\t<div class=\"elementor-element elementor-element-58f1dd23 elementor-invisible elementor-widget elementor-widget-elementskit-blog-posts\" data-id=\"58f1dd23\" data-element_type=\"widget\" data-e-type=\"widget\" data-settings=\"{&quot;_animation&quot;:&quot;fadeInUp&quot;}\" data-widget_type=\"elementskit-blog-posts.default\">\n\t\t\t\t<div class=\"elementor-widget-container\">\n\t\t\t\t\t<div class=\"ekit-wid-con\" >        <div id=\"post-items--58f1dd23\" class=\"row post-items\">\n                    <div class=\"col-md-12\">\n\n                                    <div class=\"elementskit-blog-block-post\">\n                        <div class=\"row no-gutters\">\n                            \n                            <div class=\"col-md-12 order-2\">\n                                <div class=\"elementskit-post-body \">\n                                    <div class=\"elementskit-entry-header\">\n                                        \n                                                                                                                                        \n                                            \n                                                                                            \t\t\t\t<h2 class=\"entry-title\">\n\t\t\t\t\t<a href=\"https:\/\/chargingtime.de\/en\/use-chargingtime-with-android-auto\">\n\t\t\t\t\t\tUse ChargingTime with Android Auto\t\t\t\t\t<\/a>\n\t\t\t\t<\/h2>\n\t\t\t                                                                                <\/div><!-- .elementskit-entry-header END -->\n\n                                                                            <div class=\"elementskit-post-footer\">\n                                                                                            <p>ChargingTime is your co-pilot &nbsp;&#8211; thanks to Android Auto! Use&hellip;<\/p>\n                                                                                                                                <\/div><!-- .elementskit-post-footer END -->\n                                                                    <\/div><!-- .elementskit-post-body END -->\n                            <\/div>\n                        <\/div>\n                    <\/div><!-- .elementskit-blog-block-post .radius .gradient-bg END -->\n                \n            <\/div>\n                    <div class=\"col-md-12\">\n\n                                    <div class=\"elementskit-blog-block-post\">\n                        <div class=\"row no-gutters\">\n                            \n                            <div class=\"col-md-12 order-2\">\n                                <div class=\"elementskit-post-body \">\n                                    <div class=\"elementskit-entry-header\">\n                                        \n                                                                                                                                        \n                                            \n                                                                                            \t\t\t\t<h2 class=\"entry-title\">\n\t\t\t\t\t<a href=\"https:\/\/chargingtime.de\/en\/the-ghg-quota-a-simple-option-for-electric-car-drivers\">\n\t\t\t\t\t\tGHG quota\t\t\t\t\t<\/a>\n\t\t\t\t<\/h2>\n\t\t\t                                                                                <\/div><!-- .elementskit-entry-header END -->\n\n                                                                            <div class=\"elementskit-post-footer\">\n                                                                                            <p>What is the GHG quota? The greenhouse gas reduction quota&hellip;<\/p>\n                                                                                                                                <\/div><!-- .elementskit-post-footer END -->\n                                                                    <\/div><!-- .elementskit-post-body END -->\n                            <\/div>\n                        <\/div>\n                    <\/div><!-- .elementskit-blog-block-post .radius .gradient-bg END -->\n                \n            <\/div>\n                <\/div>\n       <\/div>\t\t\t\t<\/div>\n\t\t\t\t<\/div>\n\t\t<div class=\"elementor-element elementor-element-67189a30 e-con-full e-flex elementor-invisible e-con e-child\" data-id=\"67189a30\" data-element_type=\"container\" data-e-type=\"container\" data-settings=\"{&quot;background_background&quot;:&quot;classic&quot;,&quot;animation&quot;:&quot;fadeInUp&quot;}\">\n\t\t\t\t<div class=\"elementor-element elementor-element-40682ddd elementor-widget elementor-widget-heading\" data-id=\"40682ddd\" data-element_type=\"widget\" data-e-type=\"widget\" data-widget_type=\"heading.default\">\n\t\t\t\t<div class=\"elementor-widget-container\">\n\t\t\t\t\t<h3 class=\"elementor-heading-title elementor-size-default\"><a href=\"#DownloadBottom\">Test ChargingTime now for free<\/a><\/h3>\t\t\t\t<\/div>\n\t\t\t\t<\/div>\n\t\t\t\t<div class=\"elementor-element elementor-element-48502695 elementor-widget elementor-widget-image\" data-id=\"48502695\" data-element_type=\"widget\" data-e-type=\"widget\" data-widget_type=\"image.default\">\n\t\t\t\t<div class=\"elementor-widget-container\">\n\t\t\t\t\t\t\t\t\t\t\t\t\t\t\t<img fetchpriority=\"high\" decoding=\"async\" width=\"800\" height=\"735\" src=\"https:\/\/chargingtime.de\/wp-content\/uploads\/Website-Handy-Schraeg-800-x-735-px.png\" class=\"attachment-full size-full wp-image-1996\" alt=\"Screenshot ChargingTime Routenplaner Elektroauto\" srcset=\"https:\/\/chargingtime.de\/wp-content\/uploads\/Website-Handy-Schraeg-800-x-735-px.png 800w, https:\/\/chargingtime.de\/wp-content\/uploads\/Website-Handy-Schraeg-800-x-735-px-300x276.png 300w, https:\/\/chargingtime.de\/wp-content\/uploads\/Website-Handy-Schraeg-800-x-735-px-768x706.png 768w\" sizes=\"(max-width: 800px) 100vw, 800px\" \/>\t\t\t\t\t\t\t\t\t\t\t\t\t\t\t<\/div>\n\t\t\t\t<\/div>\n\t\t\t\t<\/div>\n\t\t\t\t<\/div>\n\t\t\t\t<\/div>\n\t\t\t\t<\/div>\n\t\t\t\t\t\t<\/div>\n\t\t\t\t<\/div>\n\t\t\t\t\t<\/div>\n\t\t\t\t<\/div>\n\t\t<div class=\"elementor-element elementor-element-eb43176 e-flex e-con-boxed e-con e-parent\" data-id=\"eb43176\" data-element_type=\"container\" data-e-type=\"container\">\n\t\t\t\t\t<div class=\"e-con-inner\">\n\t\t\t\t<div class=\"elementor-element elementor-element-738192d elementor-widget-divider--view-line elementor-widget elementor-widget-divider\" data-id=\"738192d\" data-element_type=\"widget\" data-e-type=\"widget\" data-widget_type=\"divider.default\">\n\t\t\t\t<div class=\"elementor-widget-container\">\n\t\t\t\t\t\t\t<div class=\"elementor-divider\">\n\t\t\t<span class=\"elementor-divider-separator\">\n\t\t\t\t\t\t<\/span>\n\t\t<\/div>\n\t\t\t\t\t\t<\/div>\n\t\t\t\t<\/div>\n\t\t\t\t<div class=\"elementor-element elementor-element-075d036 elementor-widget elementor-widget-text-editor\" data-id=\"075d036\" data-element_type=\"widget\" data-e-type=\"widget\" data-widget_type=\"text-editor.default\">\n\t\t\t\t<div class=\"elementor-widget-container\">\n\t\t\t\t\t\t\t\t\t<h3>Welcome to our advice section!<\/h3><div> <\/div><h5>Here you will find valuable tips and information about electric mobility and electric cars. Whether you are just starting out in the world of e-mobility or already have some experience, our articles will help you understand all the important aspects.   <\/h5><h5>From charging stations and range to charging strategies and the latest trends and technologies: We offer you comprehensive insights and practical tips to make your everyday life with an electric car even easier and more efficient.<\/h5><h5>Our site is still under construction, but we are doing our best to provide new content on an ongoing basis. Check back regularly to discover more and more helpful information! <\/h5>\t\t\t\t\t\t\t\t<\/div>\n\t\t\t\t<\/div>\n\t\t\t\t\t<\/div>\n\t\t\t\t<\/div>\n\t\t\t\t<\/div>\n\t\t","protected":false},"excerpt":{"rendered":"<p>Electric mobility for beginners We explain the basics of electromobility. Juli 3, 2024 Elektromobilit\u00e4t f\u00fcr Einsteiger | Urlaub mit dem Elektroauto In den Urlaub mit dem Elektroauto \u2013 Mit diesen Tipps gelingt es! Die Urlaubszeit steht an und damit f\u00fcr viele, die sich&hellip; Juni 11, 2024 Elektromobilit\u00e4t f\u00fcr Einsteiger Ladestation im Vergleich: Schnellladen vs. Langsamladen [&hellip;]<\/p>\n","protected":false},"author":2,"featured_media":0,"parent":0,"menu_order":0,"comment_status":"closed","ping_status":"closed","template":"","meta":{"footnotes":""},"class_list":["post-4278","page","type-page","status-publish","hentry"],"yoast_head":"<!-- This site is optimized with the Yoast SEO Premium plugin v27.1 (Yoast SEO v27.4) - https:\/\/yoast.com\/product\/yoast-seo-premium-wordpress\/ -->\n<title>Electric mobility for beginners - ChargingTime<\/title>\n<meta name=\"description\" content=\"We explain the basics of electric mobility and driving an electric car. Route planning on the road made easy!\" \/>\n<meta name=\"robots\" content=\"index, follow, max-snippet:-1, max-image-preview:large, max-video-preview:-1\" \/>\n<link rel=\"canonical\" href=\"https:\/\/chargingtime.de\/en\/electric-mobility-for-beginners\" \/>\n<meta property=\"og:locale\" content=\"en_US\" \/>\n<meta property=\"og:type\" content=\"article\" \/>\n<meta property=\"og:title\" content=\"Electric mobility for beginners\" \/>\n<meta property=\"og:description\" content=\"We explain the basics of electric mobility and driving an electric car. Route planning on the road made easy!\" \/>\n<meta property=\"og:url\" content=\"https:\/\/chargingtime.de\/en\/electric-mobility-for-beginners\" \/>\n<meta property=\"og:site_name\" content=\"ChargingTime\" \/>\n<meta property=\"article:publisher\" content=\"https:\/\/www.facebook.com\/ChargingTimeApp\" \/>\n<meta property=\"article:modified_time\" content=\"2025-04-28T07:09:26+00:00\" \/>\n<meta property=\"og:image\" content=\"https:\/\/chargingtime.de\/wp-content\/uploads\/Design-ohne-Titel-2-Kopie.png\" \/>\n<meta name=\"twitter:card\" content=\"summary_large_image\" \/>\n<meta name=\"twitter:label1\" content=\"Est. reading time\" \/>\n\t<meta name=\"twitter:data1\" content=\"1 minute\" \/>\n<!-- \/ Yoast SEO Premium plugin. -->","yoast_head_json":{"title":"Electric mobility for beginners - ChargingTime","description":"We explain the basics of electric mobility and driving an electric car. Route planning on the road made easy!","robots":{"index":"index","follow":"follow","max-snippet":"max-snippet:-1","max-image-preview":"max-image-preview:large","max-video-preview":"max-video-preview:-1"},"canonical":"https:\/\/chargingtime.de\/en\/electric-mobility-for-beginners","og_locale":"en_US","og_type":"article","og_title":"Electric mobility for beginners","og_description":"We explain the basics of electric mobility and driving an electric car. Route planning on the road made easy!","og_url":"https:\/\/chargingtime.de\/en\/electric-mobility-for-beginners","og_site_name":"ChargingTime","article_publisher":"https:\/\/www.facebook.com\/ChargingTimeApp","article_modified_time":"2025-04-28T07:09:26+00:00","og_image":[{"url":"https:\/\/chargingtime.de\/wp-content\/uploads\/Design-ohne-Titel-2-Kopie.png","type":"","width":"","height":""}],"twitter_card":"summary_large_image","twitter_misc":{"Est. reading time":"1 minute"},"schema":{"@context":"https:\/\/schema.org","@graph":[{"@type":"WebPage","@id":"https:\/\/chargingtime.de\/en\/electric-mobility-for-beginners","url":"https:\/\/chargingtime.de\/en\/electric-mobility-for-beginners","name":"Electric mobility for beginners - ChargingTime","isPartOf":{"@id":"https:\/\/chargingtime.de\/en#website"},"primaryImageOfPage":{"@id":"https:\/\/chargingtime.de\/en\/electric-mobility-for-beginners#primaryimage"},"image":{"@id":"https:\/\/chargingtime.de\/en\/electric-mobility-for-beginners#primaryimage"},"thumbnailUrl":"https:\/\/chargingtime.de\/wp-content\/uploads\/Design-ohne-Titel-2-Kopie.png","datePublished":"2024-06-10T06:24:00+00:00","dateModified":"2025-04-28T07:09:26+00:00","description":"We explain the basics of electric mobility and driving an electric car. Route planning on the road made easy!","breadcrumb":{"@id":"https:\/\/chargingtime.de\/en\/electric-mobility-for-beginners#breadcrumb"},"inLanguage":"en-US","potentialAction":[{"@type":"ReadAction","target":["https:\/\/chargingtime.de\/en\/electric-mobility-for-beginners"]}]},{"@type":"ImageObject","inLanguage":"en-US","@id":"https:\/\/chargingtime.de\/en\/electric-mobility-for-beginners#primaryimage","url":"https:\/\/chargingtime.de\/wp-content\/uploads\/Design-ohne-Titel-2-Kopie.png","contentUrl":"https:\/\/chargingtime.de\/wp-content\/uploads\/Design-ohne-Titel-2-Kopie.png"},{"@type":"BreadcrumbList","@id":"https:\/\/chargingtime.de\/en\/electric-mobility-for-beginners#breadcrumb","itemListElement":[{"@type":"ListItem","position":1,"name":"Homepage","item":"https:\/\/chargingtime.de\/en\/the-flexible-route-planner-for-your-electric-car"},{"@type":"ListItem","position":2,"name":"Electric mobility for beginners"}]},{"@type":"WebSite","@id":"https:\/\/chargingtime.de\/en#website","url":"https:\/\/chargingtime.de\/en","name":"ChargingTime","description":"The first flexible route planner for electric vehicles","publisher":{"@id":"https:\/\/chargingtime.de\/en#organization"},"potentialAction":[{"@type":"SearchAction","target":{"@type":"EntryPoint","urlTemplate":"https:\/\/chargingtime.de\/en?s={search_term_string}"},"query-input":{"@type":"PropertyValueSpecification","valueRequired":true,"valueName":"search_term_string"}}],"inLanguage":"en-US"},{"@type":"Organization","@id":"https:\/\/chargingtime.de\/en#organization","name":"ChargingTime","url":"https:\/\/chargingtime.de\/en","logo":{"@type":"ImageObject","inLanguage":"en-US","@id":"https:\/\/chargingtime.de\/en#\/schema\/logo\/image\/","url":"https:\/\/chargingtime.de\/wp-content\/uploads\/2022\/09\/cropped-cropped-chargingtime-logo.jpg","contentUrl":"https:\/\/chargingtime.de\/wp-content\/uploads\/2022\/09\/cropped-cropped-chargingtime-logo.jpg","width":512,"height":512,"caption":"ChargingTime"},"image":{"@id":"https:\/\/chargingtime.de\/en#\/schema\/logo\/image\/"},"sameAs":["https:\/\/www.facebook.com\/ChargingTimeApp","https:\/\/www.instagram.com\/charging.time_app\/"],"email":"info@chargingtime.de","telephone":"+4971125261379","legalName":"On Your Route GmbH","foundingDate":"2024-07-05","vatID":"DE354205689","duns":"344307002"}]}},"_links":{"self":[{"href":"https:\/\/chargingtime.de\/en\/wp-json\/wp\/v2\/pages\/4278","targetHints":{"allow":["GET"]}}],"collection":[{"href":"https:\/\/chargingtime.de\/en\/wp-json\/wp\/v2\/pages"}],"about":[{"href":"https:\/\/chargingtime.de\/en\/wp-json\/wp\/v2\/types\/page"}],"author":[{"embeddable":true,"href":"https:\/\/chargingtime.de\/en\/wp-json\/wp\/v2\/users\/2"}],"replies":[{"embeddable":true,"href":"https:\/\/chargingtime.de\/en\/wp-json\/wp\/v2\/comments?post=4278"}],"version-history":[{"count":1,"href":"https:\/\/chargingtime.de\/en\/wp-json\/wp\/v2\/pages\/4278\/revisions"}],"predecessor-version":[{"id":4279,"href":"https:\/\/chargingtime.de\/en\/wp-json\/wp\/v2\/pages\/4278\/revisions\/4279"}],"wp:attachment":[{"href":"https:\/\/chargingtime.de\/en\/wp-json\/wp\/v2\/media?parent=4278"}],"curies":[{"name":"wp","href":"https:\/\/api.w.org\/{rel}","templated":true}]}}