{"id":4270,"date":"2024-08-07T20:49:24","date_gmt":"2024-08-07T18:49:24","guid":{"rendered":"https:\/\/chargingtime.de\/delete-account"},"modified":"2025-04-28T09:06:33","modified_gmt":"2025-04-28T07:06:33","slug":"delete-account","status":"publish","type":"page","link":"https:\/\/chargingtime.de\/en\/delete-account","title":{"rendered":"delete-account"},"content":{"rendered":"\t\t<div data-elementor-type=\"wp-page\" data-elementor-id=\"4270\" class=\"elementor elementor-4270 elementor-3011\" data-elementor-post-type=\"page\">\n\t\t\t\t<div class=\"elementor-element elementor-element-2afc3d2b e-flex e-con-boxed e-con e-parent\" data-id=\"2afc3d2b\" data-element_type=\"container\" data-e-type=\"container\">\n\t\t\t\t\t<div class=\"e-con-inner\">\n\t\t\t\t<div class=\"elementor-element elementor-element-43b20d5 elementor-widget elementor-widget-spacer\" data-id=\"43b20d5\" data-element_type=\"widget\" data-e-type=\"widget\" data-widget_type=\"spacer.default\">\n\t\t\t\t<div class=\"elementor-widget-container\">\n\t\t\t\t\t\t\t<div class=\"elementor-spacer\">\n\t\t\t<div class=\"elementor-spacer-inner\"><\/div>\n\t\t<\/div>\n\t\t\t\t\t\t<\/div>\n\t\t\t\t<\/div>\n\t\t\t\t<div class=\"elementor-element elementor-element-3c8b4183 elementor-widget__width-inherit eael-wpforms-labels-yes eael-wpforms-form-button-custom elementor-widget elementor-widget-eael-wpforms\" data-id=\"3c8b4183\" data-element_type=\"widget\" data-e-type=\"widget\" data-widget_type=\"eael-wpforms.default\">\n\t\t\t\t<div class=\"elementor-widget-container\">\n\t\t\t\t\t            <div class=\"eael-contact-form eael-wpforms eael-wpforms-align-default\">\n                                <div class=\"wpforms-container wpforms-container-full\" id=\"wpforms-3024\"><form id=\"wpforms-form-3024\" class=\"wpforms-validate wpforms-form wpforms-ajax-form\" data-formid=\"3024\" method=\"post\" enctype=\"multipart\/form-data\" action=\"\/en\/wp-json\/wp\/v2\/pages\/4270\" data-token=\"0a377df5a0a6338944d2331b8738e206\" data-token-time=\"1775584041\"><div class=\"wpforms-head-container\"><div class=\"wpforms-title\">Delete account<\/div><\/div><noscript class=\"wpforms-error-noscript\">Please enable JavaScript in your browser to complete this form.<\/noscript><div class=\"wpforms-field-container\"><div id=\"wpforms-3024-field_3-container\" class=\"wpforms-field wpforms-field-email\" data-field-id=\"3\"><label class=\"wpforms-field-label wpforms-label-hide\" for=\"wpforms-3024-field_3\">e-mail <span class=\"wpforms-required-label\">*<\/span><\/label><input type=\"email\" id=\"wpforms-3024-field_3\" class=\"wpforms-field-medium wpforms-field-required\" name=\"wpforms[fields][3]\" placeholder=\"Your e-mail address\" spellcheck=\"false\" required><div class=\"wpforms-field-description\">Please use the email address you used to create your ChargingTime account.<\/div><\/div><div id=\"wpforms-3024-field_4-container\" class=\"wpforms-field wpforms-field-select wpforms-field-select-style-classic\" data-field-id=\"4\"><label class=\"wpforms-field-label wpforms-label-hide\" for=\"wpforms-3024-field_4\">Subject <span class=\"wpforms-required-label\">*<\/span><\/label><select id=\"wpforms-3024-field_4\" class=\"wpforms-field-medium wpforms-field-required\" name=\"wpforms[fields][4]\" required=\"required\"><option value=\"Delete account (Android App)\" >Delete account (Android App)<\/option><option value=\"Delete account (iOS App)\" >Delete account (iOS App)<\/option><\/select><\/div><div id=\"wpforms-3024-field_5-container\" class=\"wpforms-field wpforms-field-textarea wpforms-conditional-trigger\" data-field-id=\"5\"><label class=\"wpforms-field-label wpforms-label-hide\" for=\"wpforms-3024-field_5\">Message<\/label><textarea id=\"wpforms-3024-field_5\" class=\"wpforms-field-medium\" name=\"wpforms[fields][5]\" placeholder=\"Your message\" ><\/textarea><\/div><div id=\"wpforms-3024-field_7-container\" class=\"wpforms-field wpforms-field-captcha wpforms-conditional-field wpforms-conditional-show\" data-field-id=\"7\" style=\"display:none;\"><label class=\"wpforms-field-label\" for=\"wpforms-3024-field_7\">Please solve the following math problem to submit the form: <span class=\"wpforms-required-label\">*<\/span><\/label>\t\t\t<div class=\"wpforms-captcha-math\">\n\t\t\t\t<span id=\"wpforms-3024-field_7-question\" class=\"wpforms-captcha-equation\">\n\t\t\t\t\t<span class=\"n1\">4<\/span>\n\t\t\t\t\t\t\t<span class=\"cal\">*<\/span>\n\t\t\t\t\t\t\t<span class=\"n2\">12<\/span>\t\t\t\t\t<span class=\"e\">=<\/span>\n\t\t\t\t<\/span>\n\t\t\t\t<input type=\"text\" id=\"wpforms-3024-field_7\" class=\"wpforms-field-medium wpforms-field-required a\" data-rule-wpf-captcha=\"math\" data-is-wrapped-field=\"1\" name=\"wpforms[fields][7][a]\" aria-describedby=\"wpforms-3024-field_7-question\" required>\t\t\t\t<input type=\"hidden\" name=\"wpforms[fields][7][cal]\" class=\"cal\">\n\t\t\t\t<input type=\"hidden\" name=\"wpforms[fields][7][n2]\" class=\"n2\">\n\t\t\t\t<input type=\"hidden\" name=\"wpforms[fields][7][n1]\" class=\"n1\">\n\t\t\t<\/div>\n\t\t\t<\/div><div id=\"wpforms-3024-field_6-container\" class=\"wpforms-field wpforms-field-html\" data-field-id=\"6\"><div id=\"wpforms-3024-field_6\"><p style=\"font-size:80%;\">I have read the <a href=\"https:\/\/chargingtime.de\/en\/data-protection\" target=\"_blank\">privacy policy<\/a>. I agree that my details and data will be collected and stored electronically to answer my request. Note: You can revoke your consent at any time for the future by sending an email to info@chargingtime.de.  <\/p><\/div><\/div><\/div><!-- .wpforms-field-container --><div class=\"wpforms-submit-container\" ><input type=\"hidden\" name=\"wpforms[id]\" value=\"3024\"><input type=\"hidden\" name=\"page_title\" value=\"\"><input type=\"hidden\" name=\"page_url\" value=\"https:\/\/chargingtime.de\/en\/wp-json\/wp\/v2\/pages\/4270\"><input type=\"hidden\" name=\"url_referer\" value=\"\"><button type=\"submit\" name=\"wpforms[submit]\" id=\"wpforms-submit-3024\" class=\"wpforms-submit\" data-alt-text=\"Send message...\" data-submit-text=\"Send message\" aria-live=\"assertive\" value=\"wpforms-submit\">Send message<\/button><img decoding=\"async\" src=\"https:\/\/chargingtime.de\/wp-content\/plugins\/wpforms\/assets\/images\/submit-spin.svg\" class=\"wpforms-submit-spinner\" style=\"display: none;\" width=\"26\" height=\"26\" alt=\"Loading\"><\/div><\/form><\/div>  <!-- .wpforms-container -->            <\/div>\n\t\t\t\t<\/div>\n\t\t\t\t<\/div>\n\t\t\t\t\t<\/div>\n\t\t\t\t<\/div>\n\t\t<div class=\"elementor-element elementor-element-1e7f2cb e-flex e-con-boxed e-con e-parent\" data-id=\"1e7f2cb\" data-element_type=\"container\" data-e-type=\"container\">\n\t\t\t\t\t<div class=\"e-con-inner\">\n\t\t\t\t<div class=\"elementor-element elementor-element-572647f elementor-widget elementor-widget-spacer\" data-id=\"572647f\" data-element_type=\"widget\" data-e-type=\"widget\" data-widget_type=\"spacer.default\">\n\t\t\t\t<div class=\"elementor-widget-container\">\n\t\t\t\t\t\t\t<div class=\"elementor-spacer\">\n\t\t\t<div class=\"elementor-spacer-inner\"><\/div>\n\t\t<\/div>\n\t\t\t\t\t\t<\/div>\n\t\t\t\t<\/div>\n\t\t\t\t\t<\/div>\n\t\t\t\t<\/div>\n\t\t\t\t<\/div>\n\t\t","protected":false},"excerpt":{"rendered":"<p>Account L\u00f6schenBitte aktiviere JavaScript in deinem Browser, um dieses Formular fertigzustellen.E-Mail *Bitte benutze die Email-Adresse mit der du deinen ChargingTime Account erstellt hast.Betreff *Account l\u00f6schen (Android App)Account l\u00f6schen (iOS App)NachrichtBitte l\u00f6se folgende Rechenaufgabe, um das Formular abzusenden: * 6 + 10 = Ich habe die Datenschutzerkl\u00e4rung zur Kenntnis genommen. Ich stimme zu, dass meine Angaben [&hellip;]<\/p>\n","protected":false},"author":2,"featured_media":0,"parent":0,"menu_order":0,"comment_status":"closed","ping_status":"closed","template":"","meta":{"footnotes":""},"class_list":["post-4270","page","type-page","status-publish","hentry"],"yoast_head":"<!-- This site is optimized with the Yoast SEO Premium plugin v27.1 (Yoast SEO v27.3) - https:\/\/yoast.com\/product\/yoast-seo-premium-wordpress\/ -->\n<title>delete-account - ChargingTime<\/title>\n<meta name=\"robots\" content=\"index, follow, max-snippet:-1, max-image-preview:large, max-video-preview:-1\" \/>\n<link rel=\"canonical\" href=\"https:\/\/chargingtime.de\/en\/delete-account\" \/>\n<meta property=\"og:locale\" content=\"en_US\" \/>\n<meta property=\"og:type\" content=\"article\" \/>\n<meta property=\"og:title\" content=\"delete-account\" \/>\n<meta property=\"og:description\" content=\"Account L\u00f6schenBitte aktiviere JavaScript in deinem Browser, um dieses Formular fertigzustellen.E-Mail *Bitte benutze die Email-Adresse mit der du deinen ChargingTime Account erstellt hast.Betreff *Account l\u00f6schen (Android App)Account l\u00f6schen (iOS App)NachrichtBitte l\u00f6se folgende Rechenaufgabe, um das Formular abzusenden: * 6 + 10 = Ich habe die Datenschutzerkl\u00e4rung zur Kenntnis genommen. Ich stimme zu, dass meine Angaben [&hellip;]\" \/>\n<meta property=\"og:url\" content=\"https:\/\/chargingtime.de\/en\/delete-account\" \/>\n<meta property=\"og:site_name\" content=\"ChargingTime\" \/>\n<meta property=\"article:publisher\" content=\"https:\/\/www.facebook.com\/ChargingTimeApp\" \/>\n<meta property=\"article:modified_time\" content=\"2025-04-28T07:06:33+00:00\" \/>\n<meta property=\"og:image\" content=\"https:\/\/chargingtime.de\/wp-content\/plugins\/wpforms\/assets\/images\/submit-spin.svg\" \/>\n<meta name=\"twitter:card\" content=\"summary_large_image\" \/>\n<!-- \/ Yoast SEO Premium plugin. -->","yoast_head_json":{"title":"delete-account - ChargingTime","robots":{"index":"index","follow":"follow","max-snippet":"max-snippet:-1","max-image-preview":"max-image-preview:large","max-video-preview":"max-video-preview:-1"},"canonical":"https:\/\/chargingtime.de\/en\/delete-account","og_locale":"en_US","og_type":"article","og_title":"delete-account","og_description":"Account L\u00f6schenBitte aktiviere JavaScript in deinem Browser, um dieses Formular fertigzustellen.E-Mail *Bitte benutze die Email-Adresse mit der du deinen ChargingTime Account erstellt hast.Betreff *Account l\u00f6schen (Android App)Account l\u00f6schen (iOS App)NachrichtBitte l\u00f6se folgende Rechenaufgabe, um das Formular abzusenden: * 6 + 10 = Ich habe die Datenschutzerkl\u00e4rung zur Kenntnis genommen. Ich stimme zu, dass meine Angaben [&hellip;]","og_url":"https:\/\/chargingtime.de\/en\/delete-account","og_site_name":"ChargingTime","article_publisher":"https:\/\/www.facebook.com\/ChargingTimeApp","article_modified_time":"2025-04-28T07:06:33+00:00","og_image":[{"url":"https:\/\/chargingtime.de\/wp-content\/plugins\/wpforms\/assets\/images\/submit-spin.svg","type":"","width":"","height":""}],"twitter_card":"summary_large_image","schema":{"@context":"https:\/\/schema.org","@graph":[{"@type":"WebPage","@id":"https:\/\/chargingtime.de\/en\/delete-account","url":"https:\/\/chargingtime.de\/en\/delete-account","name":"delete-account - ChargingTime","isPartOf":{"@id":"https:\/\/chargingtime.de\/en#website"},"primaryImageOfPage":{"@id":"https:\/\/chargingtime.de\/en\/delete-account#primaryimage"},"image":{"@id":"https:\/\/chargingtime.de\/en\/delete-account#primaryimage"},"thumbnailUrl":"https:\/\/chargingtime.de\/wp-content\/plugins\/wpforms\/assets\/images\/submit-spin.svg","datePublished":"2024-08-07T18:49:24+00:00","dateModified":"2025-04-28T07:06:33+00:00","breadcrumb":{"@id":"https:\/\/chargingtime.de\/en\/delete-account#breadcrumb"},"inLanguage":"en-US","potentialAction":[{"@type":"ReadAction","target":["https:\/\/chargingtime.de\/en\/delete-account"]}]},{"@type":"ImageObject","inLanguage":"en-US","@id":"https:\/\/chargingtime.de\/en\/delete-account#primaryimage","url":"https:\/\/chargingtime.de\/wp-content\/plugins\/wpforms\/assets\/images\/submit-spin.svg","contentUrl":"https:\/\/chargingtime.de\/wp-content\/plugins\/wpforms\/assets\/images\/submit-spin.svg"},{"@type":"BreadcrumbList","@id":"https:\/\/chargingtime.de\/en\/delete-account#breadcrumb","itemListElement":[{"@type":"ListItem","position":1,"name":"Homepage","item":"https:\/\/chargingtime.de\/en\/the-flexible-route-planner-for-your-electric-car"},{"@type":"ListItem","position":2,"name":"delete-account"}]},{"@type":"WebSite","@id":"https:\/\/chargingtime.de\/en#website","url":"https:\/\/chargingtime.de\/en","name":"ChargingTime","description":"The first flexible route planner for electric vehicles","publisher":{"@id":"https:\/\/chargingtime.de\/en#organization"},"potentialAction":[{"@type":"SearchAction","target":{"@type":"EntryPoint","urlTemplate":"https:\/\/chargingtime.de\/en?s={search_term_string}"},"query-input":{"@type":"PropertyValueSpecification","valueRequired":true,"valueName":"search_term_string"}}],"inLanguage":"en-US"},{"@type":"Organization","@id":"https:\/\/chargingtime.de\/en#organization","name":"ChargingTime","url":"https:\/\/chargingtime.de\/en","logo":{"@type":"ImageObject","inLanguage":"en-US","@id":"https:\/\/chargingtime.de\/en#\/schema\/logo\/image\/","url":"https:\/\/chargingtime.de\/wp-content\/uploads\/2022\/09\/cropped-cropped-chargingtime-logo.jpg","contentUrl":"https:\/\/chargingtime.de\/wp-content\/uploads\/2022\/09\/cropped-cropped-chargingtime-logo.jpg","width":512,"height":512,"caption":"ChargingTime"},"image":{"@id":"https:\/\/chargingtime.de\/en#\/schema\/logo\/image\/"},"sameAs":["https:\/\/www.facebook.com\/ChargingTimeApp","https:\/\/www.instagram.com\/charging.time_app\/"],"email":"info@chargingtime.de","telephone":"+4971125261379","legalName":"On Your Route GmbH","foundingDate":"2024-07-05","vatID":"DE354205689","duns":"344307002"}]}},"_links":{"self":[{"href":"https:\/\/chargingtime.de\/en\/wp-json\/wp\/v2\/pages\/4270","targetHints":{"allow":["GET"]}}],"collection":[{"href":"https:\/\/chargingtime.de\/en\/wp-json\/wp\/v2\/pages"}],"about":[{"href":"https:\/\/chargingtime.de\/en\/wp-json\/wp\/v2\/types\/page"}],"author":[{"embeddable":true,"href":"https:\/\/chargingtime.de\/en\/wp-json\/wp\/v2\/users\/2"}],"replies":[{"embeddable":true,"href":"https:\/\/chargingtime.de\/en\/wp-json\/wp\/v2\/comments?post=4270"}],"version-history":[{"count":1,"href":"https:\/\/chargingtime.de\/en\/wp-json\/wp\/v2\/pages\/4270\/revisions"}],"predecessor-version":[{"id":4271,"href":"https:\/\/chargingtime.de\/en\/wp-json\/wp\/v2\/pages\/4270\/revisions\/4271"}],"wp:attachment":[{"href":"https:\/\/chargingtime.de\/en\/wp-json\/wp\/v2\/media?parent=4270"}],"curies":[{"name":"wp","href":"https:\/\/api.w.org\/{rel}","templated":true}]}}